{"id":1865,"date":"2022-02-14T04:26:49","date_gmt":"2022-02-14T04:26:49","guid":{"rendered":"https:\/\/firstsight.design\/magnetique\/demo\/?page_id=1865"},"modified":"2023-07-24T14:45:17","modified_gmt":"2023-07-24T14:45:17","slug":"frequestly-asked-questions","status":"publish","type":"page","link":"https:\/\/virtualapartment.eu\/es\/frequestly-asked-questions\/","title":{"rendered":"FAQ"},"content":{"rendered":"\t\t<div data-elementor-type=\"wp-page\" data-elementor-id=\"1865\" class=\"elementor elementor-1865\">\n\t\t\t\t\t\t\t\t\t<section class=\"elementor-section elementor-top-section elementor-element elementor-element-399b73d elementor-hidden-tablet elementor-hidden-mobile elementor-section-boxed elementor-section-height-default elementor-section-height-default\" data-id=\"399b73d\" data-element_type=\"section\" data-settings=\"{&quot;background_background&quot;:&quot;classic&quot;}\">\n\t\t\t\t\t\t<div class=\"elementor-container elementor-column-gap-default\">\n\t\t\t\t\t<div class=\"elementor-column elementor-col-100 elementor-top-column elementor-element elementor-element-68e8009\" data-id=\"68e8009\" data-element_type=\"column\">\n\t\t\t<div class=\"elementor-widget-wrap elementor-element-populated\">\n\t\t\t\t\t\t\t\t<div class=\"elementor-element elementor-element-587f05c elementor-widget elementor-widget-art-accordion-tabs\" data-id=\"587f05c\" data-element_type=\"widget\" data-widget_type=\"art-accordion-tabs.default\">\n\t\t\t\t<div class=\"elementor-widget-container\">\n\t\t\t\r\n        <div class=\"art-accordion-tabs\">\r\n            <div class=\"art-accordion-tabs-wrapper\">\r\n                \r\n                    <div class=\"accordion-menu-tabs-items\">\r\n                        <ul class=\"art-accordion-menu-tabs art-no-list-style\">\r\n                                                                                        <li data-id=\"1\" class=\"art-active\">\r\n                                    <span>CONTRATO<\/span>\r\n                                <\/li>\r\n                                                                                            <li data-id=\"2\" class=\"art-no-active\">\r\n                                    <span>P\u0142atno\u015bci<\/span>\r\n                                <\/li>\r\n                                                                                            <li data-id=\"3\" class=\"art-no-active\">\r\n                                    <span>Procedura<\/span>\r\n                                <\/li>\r\n                                                                                    <\/ul>\r\n                    <\/div>\r\n\r\n\r\n                    <div class=\"art-accordion-menu-info-container\">\r\n\r\n                        <div class=\"art-accordion-menu-info\">\r\n                                                                                        <div data-id=\"1\" class=\"art-first-cl art-accordion-item art-display-block\">\r\n\r\n\r\n                                    \r\n                                        \r\n                                            <button class=\"accordion\">\r\n                                                <span class=\"service-name\">\u00bfQU\u00c9 DOCUMENTOS RECIBIR\u00c9 AL HACER EL PEDIDO?<\/span>\r\n                                            <\/button>\r\n                                            <div class=\"panel\">\r\n\r\n                                                <div class=\"panel-data\">\r\n                                                    <p>En el caso del servicio adquirido en Polonia y Estonia, recibir\u00e1s un contrato de alquiler firmado electr\u00f3nicamente.<\/p><p>En el caso del servicio adquirido en Eslovaquia, recibir\u00e1s una confirmaci\u00f3n firmada electr\u00f3nicamente de la posibilidad de usar la direcci\u00f3n, por el propietario de la propiedad.<\/p>                                                <\/div>\r\n\r\n                                            <\/div>\r\n\r\n                                        \r\n                                    \r\n                                        \r\n                                            <button class=\"accordion\">\r\n                                                <span class=\"service-name\">\u00bfQU\u00c9 PASA SI NECESITO EL CONTRATO EN FORMATO F\u00cdSICO?<\/span>\r\n                                            <\/button>\r\n                                            <div class=\"panel\">\r\n\r\n                                                <div class=\"panel-data\">\r\n                                                    <p>En el caso del servicio adquirido en Polonia y Estonia, puedes recibir el contrato en formato f\u00edsico. El costo del contrato es de 50 EUR, al que se a\u00f1ade el importe de los gastos de env\u00edo. En el caso del servicio adquirido en Eslovaquia, debes ir a una oficina de correos para que la administraci\u00f3n confirme el documento electr\u00f3nico en formato f\u00edsico.<\/p>                                                <\/div>\r\n\r\n                                            <\/div>\r\n\r\n                                        \r\n                                    \r\n                                        \r\n                                            <button class=\"accordion\">\r\n                                                <span class=\"service-name\">\u00bfCU\u00c1L ES EL PER\u00cdODO M\u00cdNIMO DE CONTRATACI\u00d3N?<\/span>\r\n                                            <\/button>\r\n                                            <div class=\"panel\">\r\n\r\n                                                <div class=\"panel-data\">\r\n                                                    El per\u00edodo m\u00ednimo de contrato es de 12 meses.\n                                                <\/div>\r\n\r\n                                            <\/div>\r\n\r\n                                        \r\n                                    \r\n                                        \r\n                                            <button class=\"accordion\">\r\n                                                <span class=\"service-name\">\u00bfNECESITO ESTAR EN EL PA\u00cdS PARA FIRMAR EL CONTRATO?<\/span>\r\n                                            <\/button>\r\n                                            <div class=\"panel\">\r\n\r\n                                                <div class=\"panel-data\">\r\n                                                    <p>No necesitas estar en el pa\u00eds para firmar el contrato, ya que lo hacemos a distancia, utilizando la herramienta PandaDoc, para firmar los documentos electr\u00f3nicamente.<\/p>                                                <\/div>\r\n\r\n                                            <\/div>\r\n\r\n                                        \r\n                                    \r\n                                        \r\n                                    \r\n                                        \r\n                                    \r\n                                        \r\n                                    \r\n\r\n                                <\/div>\r\n                                                                                            <div data-id=\"2\" class=\"art-first-cl art-accordion-item art-display-none\">\r\n\r\n\r\n                                    \r\n                                        \r\n                                            <button class=\"accordion\">\r\n                                                <span class=\"service-name\">Kiedy mog\u0119 zrezygnowa\u0107 z us\u0142ugi?<\/span>\r\n                                            <\/button>\r\n                                            <div class=\"panel\">\r\n\r\n                                                <div class=\"panel-data\">\r\n                                                    <p>Zrezygnowa\u0107 mo\u017cesz po up\u0142ywie okresu kt\u00f3ry zosta\u0142 op\u0142acony, a wi\u0119c po 12, 24 lub 36 miesi\u0105cach.<\/p>                                                <\/div>\r\n\r\n                                            <\/div>\r\n\r\n                                        \r\n                                    \r\n                                        \r\n                                            <button class=\"accordion\">\r\n                                                <span class=\"service-name\">Czy musz\u0119 by\u0107 obywatelem danego kraju aby skorzysta\u0107 z us\u0142ugi?<\/span>\r\n                                            <\/button>\r\n                                            <div class=\"panel\">\r\n\r\n                                                <div class=\"panel-data\">\r\n                                                    <p><span style=\"font-weight: 400;\">Nie, mo\u017cesz by\u0107 obywatelem dowolnego kraju Unii Europejskiej lub kraju spoza UE.<\/span><\/p>                                                <\/div>\r\n\r\n                                            <\/div>\r\n\r\n                                        \r\n                                    \r\n                                        \r\n                                            <button class=\"accordion\">\r\n                                                <span class=\"service-name\">Czy mog\u0119 skorzysta\u0107 z us\u0142ugi je\u017celi nie jestem obywatelem UE?<\/span>\r\n                                            <\/button>\r\n                                            <div class=\"panel\">\r\n\r\n                                                <div class=\"panel-data\">\r\n                                                    <p><span style=\"font-weight: 400;\">Tak, pod warunkiem, \u017ce nie jeste\u015b obywatelem kraju wysokiego ryzyka, to znaczy takiego, na kt\u00f3re zosta\u0142y na\u0142o\u017cone sankcje Unii Europejskiej.<\/span><\/p>                                                <\/div>\r\n\r\n                                            <\/div>\r\n\r\n                                        \r\n                                    \r\n                                        \r\n                                    \r\n                                        \r\n                                    \r\n                                        \r\n                                    \r\n                                        \r\n                                    \r\n\r\n                                <\/div>\r\n                                                                                            <div data-id=\"3\" class=\"art-first-cl art-accordion-item art-display-none\">\r\n\r\n\r\n                                    \r\n                                        \r\n                                            <button class=\"accordion\">\r\n                                                <span class=\"service-name\">Jak wygl\u0105da procedura?<\/span>\r\n                                            <\/button>\r\n                                            <div class=\"panel\">\r\n\r\n                                                <div class=\"panel-data\">\r\n                                                    <p>W pierwszym kroku, otrzymasz formularz w kt\u00f3rym nale\u017cy uzupe\u0142ni\u0107 podstawowe, wymagane dane (imi\u0119, nazwisko, numer pesel), oraz za\u0142\u0105czy\u0107 zdj\u0119cie paszportu (lub ID w przypadku obywateli UE), w celu weryfikacji danych.<br \/>Kolejny krok po wype\u0142nieniu formularza, to dokonanie p\u0142atno\u015bci online.<\/p><p><br \/>W ci\u0105gu 24h od dokonania p\u0142atno\u015bci, udost\u0119pniamy do podpisu umow\u0119 w wersji elektronicznej.<\/p><p>Powiadomienie o podpisanej przez nas umowie otrzymasz na adres mailowy podany w formularzu.<\/p>                                                <\/div>\r\n\r\n                                            <\/div>\r\n\r\n                                        \r\n                                    \r\n                                        \r\n                                    \r\n                                        \r\n                                    \r\n                                        \r\n                                    \r\n                                        \r\n                                    \r\n                                        \r\n                                    \r\n                                        \r\n                                    \r\n\r\n                                <\/div>\r\n                                                                                    <\/div>\r\n\r\n                    <\/div>\r\n\r\n\r\n                            <\/div>\r\n\r\n        <\/div>\r\n\r\n        \t\t<\/div>\n\t\t\t\t<\/div>\n\t\t\t\t\t<\/div>\n\t\t<\/div>\n\t\t\t\t\t\t\t<\/div>\n\t\t<\/section>\n\t\t\t\t<section class=\"elementor-section elementor-top-section elementor-element elementor-element-bb59f15 elementor-section-boxed elementor-section-height-default elementor-section-height-default\" data-id=\"bb59f15\" data-element_type=\"section\" data-settings=\"{&quot;background_background&quot;:&quot;classic&quot;}\">\n\t\t\t\t\t\t<div class=\"elementor-container elementor-column-gap-default\">\n\t\t\t\t\t<div class=\"elementor-column elementor-col-50 elementor-top-column elementor-element elementor-element-1e87468\" data-id=\"1e87468\" data-element_type=\"column\">\n\t\t\t<div class=\"elementor-widget-wrap elementor-element-populated\">\n\t\t\t\t\t\t\t\t<div class=\"elementor-element elementor-element-0d59875 elementor-widget__width-initial elementor-absolute elementor-hidden-tablet elementor-hidden-mobile elementor-widget elementor-widget-image\" data-id=\"0d59875\" data-element_type=\"widget\" data-settings=\"{&quot;_position&quot;:&quot;absolute&quot;}\" data-widget_type=\"image.default\">\n\t\t\t\t<div class=\"elementor-widget-container\">\n\t\t\t<style>\/*! elementor - v3.12.2 - 23-04-2023 *\/\n.elementor-widget-image{text-align:center}.elementor-widget-image a{display:inline-block}.elementor-widget-image a img[src$=\".svg\"]{width:48px}.elementor-widget-image img{vertical-align:middle;display:inline-block}<\/style>\t\t\t\t\t\t\t\t\t\t\t\t<img decoding=\"async\" width=\"910\" height=\"965\" src=\"https:\/\/virtualapartment.eu\/es\/wp-content\/uploads\/2023\/04\/osoba_1.png\" class=\"attachment-large size-large wp-image-4517\" alt=\"\" loading=\"lazy\" srcset=\"https:\/\/virtualapartment.eu\/es\/wp-content\/uploads\/2023\/04\/osoba_1.png 910w, https:\/\/virtualapartment.eu\/es\/wp-content\/uploads\/2023\/04\/osoba_1-283x300.png 283w, https:\/\/virtualapartment.eu\/es\/wp-content\/uploads\/2023\/04\/osoba_1-768x814.png 768w, https:\/\/virtualapartment.eu\/es\/wp-content\/uploads\/2023\/04\/osoba_1-555x589.png 555w, https:\/\/virtualapartment.eu\/es\/wp-content\/uploads\/2023\/04\/osoba_1-526x558.png 526w, https:\/\/virtualapartment.eu\/es\/wp-content\/uploads\/2023\/04\/osoba_1-120x127.png 120w\" sizes=\"(max-width: 910px) 100vw, 910px\" \/>\t\t\t\t\t\t\t\t\t\t\t\t\t\t\t<\/div>\n\t\t\t\t<\/div>\n\t\t\t\t\t<\/div>\n\t\t<\/div>\n\t\t\t\t<div class=\"elementor-column elementor-col-50 elementor-top-column elementor-element elementor-element-fc3d2dd elementor-invisible\" data-id=\"fc3d2dd\" data-element_type=\"column\" data-settings=\"{&quot;animation&quot;:&quot;fadeIn&quot;}\">\n\t\t\t<div class=\"elementor-widget-wrap elementor-element-populated\">\n\t\t\t\t\t\t\t\t<div class=\"elementor-element elementor-element-9b88f0d elementor-widget elementor-widget-art-heading\" data-id=\"9b88f0d\" data-element_type=\"widget\" data-widget_type=\"art-heading.default\">\n\t\t\t\t<div class=\"elementor-widget-container\">\n\t\t\t\r\n        <p class=\"art-heading-text art-body-three-font\">DIRECCI\u00d3N VIRTUAL<\/p>\r\n        \t\t<\/div>\n\t\t\t\t<\/div>\n\t\t\t\t<div class=\"elementor-element elementor-element-4ec64a5 elementor-widget elementor-widget-art-heading\" data-id=\"4ec64a5\" data-element_type=\"widget\" data-widget_type=\"art-heading.default\">\n\t\t\t\t<div class=\"elementor-widget-container\">\n\t\t\t\r\n        <h2 class=\"art-heading-text art-h1\">\u00a1Disponible en Eslovaquia!<\/h2>\r\n        \t\t<\/div>\n\t\t\t\t<\/div>\n\t\t\t\t<div class=\"elementor-element elementor-element-2c0e53f elementor-widget elementor-widget-text-editor\" data-id=\"2c0e53f\" data-element_type=\"widget\" data-widget_type=\"text-editor.default\">\n\t\t\t\t<div class=\"elementor-widget-container\">\n\t\t\t<style>\/*! elementor - v3.12.2 - 23-04-2023 *\/\n.elementor-widget-text-editor.elementor-drop-cap-view-stacked .elementor-drop-cap{background-color:#69727d;color:#fff}.elementor-widget-text-editor.elementor-drop-cap-view-framed .elementor-drop-cap{color:#69727d;border:3px solid;background-color:transparent}.elementor-widget-text-editor:not(.elementor-drop-cap-view-default) .elementor-drop-cap{margin-top:8px}.elementor-widget-text-editor:not(.elementor-drop-cap-view-default) .elementor-drop-cap-letter{width:1em;height:1em}.elementor-widget-text-editor .elementor-drop-cap{float:left;text-align:center;line-height:1;font-size:50px}.elementor-widget-text-editor .elementor-drop-cap-letter{display:inline-block}<\/style>\t\t\t\tAlquila el Apartamento Virtual en Eslovaquia y disfruta de los privilegios reservados \u00fanicamente para los residentes. Desde EUR 19,99 al mes, reg\u00edstrate y da el primer paso hacia la residencia eslovaca.\t\t\t\t\t\t<\/div>\n\t\t\t\t<\/div>\n\t\t\t\t<div class=\"elementor-element elementor-element-66aa760 elementor-widget elementor-widget-art-theme-button\" data-id=\"66aa760\" data-element_type=\"widget\" data-widget_type=\"art-theme-button.default\">\n\t\t\t\t<div class=\"elementor-widget-container\">\n\t\t\t<div class=\"art-button-widget\"><div class=\"art-button-widget__wrap\"><a class=\"art-button-custom-color art-button-primary\" href=\"https:\/\/virtualapartment.eu\/es\/product\/wirtualny-adres-zamieszkania-slowacja\/   \">\u00a1REALIZA AHORA TU PEDIDO!<\/a><\/div><\/div>\t\t<\/div>\n\t\t\t\t<\/div>\n\t\t\t\t\t<\/div>\n\t\t<\/div>\n\t\t\t\t\t\t\t<\/div>\n\t\t<\/section>\n\t\t\t\t<section class=\"elementor-section elementor-top-section elementor-element elementor-element-137ceef elementor-section-full_width elementor-hidden-tablet elementor-hidden-mobile elementor-section-height-default elementor-section-height-default\" data-id=\"137ceef\" data-element_type=\"section\" data-settings=\"{&quot;background_background&quot;:&quot;classic&quot;}\">\n\t\t\t\t\t\t<div class=\"elementor-container elementor-column-gap-default\">\n\t\t\t\t\t<div class=\"elementor-column elementor-col-100 elementor-top-column elementor-element elementor-element-3ed0124 elementor-invisible\" data-id=\"3ed0124\" data-element_type=\"column\" data-settings=\"{&quot;animation&quot;:&quot;fadeIn&quot;}\">\n\t\t\t<div class=\"elementor-widget-wrap elementor-element-populated\">\n\t\t\t\t\t\t\t\t<div class=\"elementor-element elementor-element-8be8e14 elementor-widget elementor-widget-art-heading\" data-id=\"8be8e14\" data-element_type=\"widget\" data-widget_type=\"art-heading.default\">\n\t\t\t\t<div class=\"elementor-widget-container\">\n\t\t\t\r\n        <p class=\"art-heading-text art-body-three-font\">MUCHO M\u00c1S QUE UNA DIRECCI\u00d3N VIRTUAL<\/p>\r\n        \t\t<\/div>\n\t\t\t\t<\/div>\n\t\t\t\t<div class=\"elementor-element elementor-element-1640e19 elementor-widget elementor-widget-art-heading\" data-id=\"1640e19\" data-element_type=\"widget\" data-widget_type=\"art-heading.default\">\n\t\t\t\t<div class=\"elementor-widget-container\">\n\t\t\t\r\n        <h2 class=\"art-heading-text art-h1\">V\u00e9anos en @virtual.apartment<\/h2>\r\n        \t\t<\/div>\n\t\t\t\t<\/div>\n\t\t\t\t<div class=\"elementor-element elementor-element-495e766 elementor-widget elementor-widget-image-carousel\" data-id=\"495e766\" data-element_type=\"widget\" data-settings=\"{&quot;slides_to_show&quot;:&quot;5&quot;,&quot;navigation&quot;:&quot;none&quot;,&quot;autoplay&quot;:&quot;yes&quot;,&quot;pause_on_hover&quot;:&quot;yes&quot;,&quot;pause_on_interaction&quot;:&quot;yes&quot;,&quot;autoplay_speed&quot;:5000,&quot;infinite&quot;:&quot;yes&quot;,&quot;speed&quot;:500,&quot;image_spacing_custom&quot;:{&quot;unit&quot;:&quot;px&quot;,&quot;size&quot;:20,&quot;sizes&quot;:[]},&quot;image_spacing_custom_tablet&quot;:{&quot;unit&quot;:&quot;px&quot;,&quot;size&quot;:&quot;&quot;,&quot;sizes&quot;:[]},&quot;image_spacing_custom_mobile&quot;:{&quot;unit&quot;:&quot;px&quot;,&quot;size&quot;:&quot;&quot;,&quot;sizes&quot;:[]}}\" data-widget_type=\"image-carousel.default\">\n\t\t\t\t<div class=\"elementor-widget-container\">\n\t\t\t<style>\/*! elementor - v3.12.2 - 23-04-2023 *\/\n.elementor-widget-image-carousel .swiper,.elementor-widget-image-carousel .swiper-container{position:static}.elementor-widget-image-carousel .swiper-container .swiper-slide figure,.elementor-widget-image-carousel .swiper .swiper-slide figure{line-height:inherit}.elementor-widget-image-carousel .swiper-slide{text-align:center}.elementor-image-carousel-wrapper:not(.swiper-container-initialized) .swiper-slide,.elementor-image-carousel-wrapper:not(.swiper-initialized) .swiper-slide{max-width:calc(100% \/ var(--e-image-carousel-slides-to-show, 3))}<\/style>\t\t<div class=\"elementor-image-carousel-wrapper swiper\" dir=\"ltr\">\n\t\t\t<div class=\"elementor-image-carousel swiper-wrapper\">\n\t\t\t\t\t\t\t\t<div class=\"swiper-slide\"><figure class=\"swiper-slide-inner\"><img decoding=\"async\" class=\"swiper-slide-image\" src=\"https:\/\/virtualapartment.eu\/es\/wp-content\/uploads\/2023\/04\/insta_1.png\" alt=\"insta_1\" \/><\/figure><\/div><div class=\"swiper-slide\"><figure class=\"swiper-slide-inner\"><img decoding=\"async\" class=\"swiper-slide-image\" src=\"https:\/\/virtualapartment.eu\/es\/wp-content\/uploads\/2023\/04\/insta_2.png\" alt=\"insta_2\" \/><\/figure><\/div><div class=\"swiper-slide\"><figure class=\"swiper-slide-inner\"><img decoding=\"async\" class=\"swiper-slide-image\" src=\"https:\/\/virtualapartment.eu\/es\/wp-content\/uploads\/2023\/04\/insta_3.png\" alt=\"insta_3\" \/><\/figure><\/div><div class=\"swiper-slide\"><figure class=\"swiper-slide-inner\"><img decoding=\"async\" class=\"swiper-slide-image\" src=\"https:\/\/virtualapartment.eu\/es\/wp-content\/uploads\/2023\/04\/insta_4.png\" alt=\"insta_4\" \/><\/figure><\/div><div class=\"swiper-slide\"><figure class=\"swiper-slide-inner\"><img decoding=\"async\" class=\"swiper-slide-image\" src=\"https:\/\/virtualapartment.eu\/es\/wp-content\/uploads\/2023\/04\/insta_5.png\" alt=\"insta_5\" \/><\/figure><\/div>\t\t\t<\/div>\n\t\t\t\t\t\t\t\t\t\t\t\t\t\t\t\t<\/div>\n\t\t\t\t<\/div>\n\t\t\t\t<\/div>\n\t\t\t\t<div class=\"elementor-element elementor-element-7123e65 elementor-widget elementor-widget-art-theme-button\" data-id=\"7123e65\" data-element_type=\"widget\" data-widget_type=\"art-theme-button.default\">\n\t\t\t\t<div class=\"elementor-widget-container\">\n\t\t\t<div class=\"art-button-widget\"><div class=\"art-button-widget__wrap\"><a class=\"art-button-custom-color art-button-primary\" href=\"https:\/\/www.instagram.com\/   \">S\u00edganos en @virtual.apartment<\/a><\/div><\/div>\t\t<\/div>\n\t\t\t\t<\/div>\n\t\t\t\t\t<\/div>\n\t\t<\/div>\n\t\t\t\t\t\t\t<\/div>\n\t\t<\/section>\n\t\t\t\t<section class=\"elementor-section elementor-top-section elementor-element elementor-element-d1adcac elementor-section-boxed elementor-section-height-default elementor-section-height-default\" data-id=\"d1adcac\" data-element_type=\"section\">\n\t\t\t\t\t\t<div class=\"elementor-container elementor-column-gap-default\">\n\t\t\t\t\t<div class=\"elementor-column elementor-col-100 elementor-top-column elementor-element elementor-element-9510234\" data-id=\"9510234\" data-element_type=\"column\">\n\t\t\t<div class=\"elementor-widget-wrap\">\n\t\t\t\t\t\t\t\t\t<\/div>\n\t\t<\/div>\n\t\t\t\t\t\t\t<\/div>\n\t\t<\/section>\n\t\t\t\t\t\t\t<\/div>\n\t\t","protected":false},"excerpt":{"rendered":"<p>Alquila el Apartamento Virtual en Eslovaquia y disfruta de los privilegios reservados \u00fanicamente para los residentes. Desde EUR 19,99 al&#8230;<\/p>\n","protected":false},"author":1,"featured_media":0,"parent":0,"menu_order":0,"comment_status":"closed","ping_status":"closed","template":"","meta":{"inline_featured_image":false,"episode_type":"","audio_file":"","cover_image":"","cover_image_id":"","duration":"","filesize":"","date_recorded":"","explicit":"","block":"","filesize_raw":""},"acf":[],"_links":{"self":[{"href":"https:\/\/virtualapartment.eu\/es\/wp-json\/wp\/v2\/pages\/1865"}],"collection":[{"href":"https:\/\/virtualapartment.eu\/es\/wp-json\/wp\/v2\/pages"}],"about":[{"href":"https:\/\/virtualapartment.eu\/es\/wp-json\/wp\/v2\/types\/page"}],"author":[{"embeddable":true,"href":"https:\/\/virtualapartment.eu\/es\/wp-json\/wp\/v2\/users\/1"}],"replies":[{"embeddable":true,"href":"https:\/\/virtualapartment.eu\/es\/wp-json\/wp\/v2\/comments?post=1865"}],"version-history":[{"count":20,"href":"https:\/\/virtualapartment.eu\/es\/wp-json\/wp\/v2\/pages\/1865\/revisions"}],"predecessor-version":[{"id":4841,"href":"https:\/\/virtualapartment.eu\/es\/wp-json\/wp\/v2\/pages\/1865\/revisions\/4841"}],"wp:attachment":[{"href":"https:\/\/virtualapartment.eu\/es\/wp-json\/wp\/v2\/media?parent=1865"}],"curies":[{"name":"wp","href":"https:\/\/api.w.org\/{rel}","templated":true}]}}