{"id":4718,"date":"2023-05-08T13:31:54","date_gmt":"2023-05-08T13:31:54","guid":{"rendered":"https:\/\/virtualapartment.eu\/es\/?post_type=product&#038;p=4718"},"modified":"2023-07-24T17:50:15","modified_gmt":"2023-07-24T17:50:15","slug":"wirtualny-adres-zamieszkania-polska","status":"publish","type":"product","link":"https:\/\/virtualapartment.eu\/es\/producto\/wirtualny-adres-zamieszkania-polska\/","title":{"rendered":"Direcci\u00f3n residencial virtual Polonia"},"content":{"rendered":"<p>El servicio de direcci\u00f3n virtual es especialmente \u00fatil para las personas que dirigen un negocio en l\u00ednea o trabajan a distancia y necesitan una direcci\u00f3n permanente para recibir correspondencia y otros documentos. Con este producto, los usuarios pueden beneficiarse de una direcci\u00f3n virtual disponible 24 horas al d\u00eda, 7 d\u00edas a la semana, que les proporciona privacidad y discreci\u00f3n.<\/p>\n<p>Por 39,90 euros, el servicio de direcci\u00f3n virtual ofrece muchas ventajas, como el control total de la correspondencia, la posibilidad de recibir correo desde cualquier parte del mundo y el ahorro de tiempo y dinero. El producto es f\u00e1cil de usar y proporciona un servicio de alta calidad, por lo que es ideal para cualquiera que necesite una direcci\u00f3n virtual permanente.<\/p>\n","protected":false},"excerpt":{"rendered":"<p>El servicio de direcci\u00f3n virtual es especialmente \u00fatil para las personas que dirigen un negocio en l\u00ednea o trabajan a distancia y necesitan una direcci\u00f3n permanente para recibir correspondencia y otros documentos. Con este producto, los usuarios pueden beneficiarse de una direcci\u00f3n virtual disponible 24 horas al d\u00eda, 7 d\u00edas a la semana, que les proporciona privacidad y discreci\u00f3n.<\/p>\n","protected":false},"featured_media":2204,"comment_status":"closed","ping_status":"closed","template":"","meta":{"inline_featured_image":false,"episode_type":"","audio_file":"","cover_image":"","cover_image_id":"","duration":"","filesize":"","date_recorded":"","explicit":"","block":"","filesize_raw":""},"product_cat":[61],"product_tag":[],"_links":{"self":[{"href":"https:\/\/virtualapartment.eu\/es\/wp-json\/wp\/v3\/product\/4718"}],"collection":[{"href":"https:\/\/virtualapartment.eu\/es\/wp-json\/wp\/v3\/product"}],"about":[{"href":"https:\/\/virtualapartment.eu\/es\/wp-json\/wp\/v2\/types\/product"}],"replies":[{"embeddable":true,"href":"https:\/\/virtualapartment.eu\/es\/wp-json\/wp\/v2\/comments?post=4718"}],"wp:featuredmedia":[{"embeddable":true,"href":"https:\/\/virtualapartment.eu\/es\/wp-json\/wp\/v2\/media\/2204"}],"wp:attachment":[{"href":"https:\/\/virtualapartment.eu\/es\/wp-json\/wp\/v2\/media?parent=4718"}],"wp:term":[{"taxonomy":"product_cat","embeddable":true,"href":"https:\/\/virtualapartment.eu\/es\/wp-json\/wp\/v2\/product_cat?post=4718"},{"taxonomy":"product_tag","embeddable":true,"href":"https:\/\/virtualapartment.eu\/es\/wp-json\/wp\/v2\/product_tag?post=4718"}],"curies":[{"name":"wp","href":"https:\/\/api.w.org\/{rel}","templated":true}]}}