{"id":1645,"date":"2022-01-12T08:14:37","date_gmt":"2022-01-12T08:14:37","guid":{"rendered":"https:\/\/firstsight.design\/magnetique\/demo\/?page_id=1645"},"modified":"2023-07-26T20:50:21","modified_gmt":"2023-07-26T20:50:21","slug":"kontakt","status":"publish","type":"page","link":"https:\/\/virtualapartment.eu\/pl\/kontakt\/","title":{"rendered":"Kontakt"},"content":{"rendered":"\t\t<div data-elementor-type=\"wp-page\" data-elementor-id=\"1645\" class=\"elementor elementor-1645\">\n\t\t\t\t\t\t\t\t\t<section class=\"elementor-section elementor-top-section elementor-element elementor-element-a0a7c89 elementor-section-full_width elementor-section-height-default elementor-section-height-default\" data-id=\"a0a7c89\" data-element_type=\"section\" data-settings=\"{&quot;background_background&quot;:&quot;classic&quot;}\">\n\t\t\t\t\t\t<div class=\"elementor-container elementor-column-gap-default\">\n\t\t\t\t\t<div class=\"elementor-column elementor-col-50 elementor-top-column elementor-element elementor-element-48557c0 elementor-hidden-mobile\" data-id=\"48557c0\" data-element_type=\"column\" data-settings=\"{&quot;background_background&quot;:&quot;classic&quot;}\">\n\t\t\t<div class=\"elementor-widget-wrap\">\n\t\t\t\t\t\t\t\t\t<\/div>\n\t\t<\/div>\n\t\t\t\t<div class=\"elementor-column elementor-col-50 elementor-top-column elementor-element elementor-element-07544e1\" data-id=\"07544e1\" data-element_type=\"column\">\n\t\t\t<div class=\"elementor-widget-wrap elementor-element-populated\">\n\t\t\t\t\t\t\t\t<div class=\"elementor-element elementor-element-ce2170b elementor-widget elementor-widget-art-heading\" data-id=\"ce2170b\" data-element_type=\"widget\" data-widget_type=\"art-heading.default\">\n\t\t\t\t<div class=\"elementor-widget-container\">\n\t\t\t\r\n        <h1 class=\"art-heading-text art-h1\">Napisz do nas<\/h1>\r\n        \t\t<\/div>\n\t\t\t\t<\/div>\n\t\t\t\t<div class=\"elementor-element elementor-element-c5a5043 elementor-widget elementor-widget-text-editor\" data-id=\"c5a5043\" data-element_type=\"widget\" data-widget_type=\"text-editor.default\">\n\t\t\t\t<div class=\"elementor-widget-container\">\n\t\t\t<style>\/*! elementor - v3.15.0 - 02-08-2023 *\/\n.elementor-widget-text-editor.elementor-drop-cap-view-stacked .elementor-drop-cap{background-color:#69727d;color:#fff}.elementor-widget-text-editor.elementor-drop-cap-view-framed .elementor-drop-cap{color:#69727d;border:3px solid;background-color:transparent}.elementor-widget-text-editor:not(.elementor-drop-cap-view-default) .elementor-drop-cap{margin-top:8px}.elementor-widget-text-editor:not(.elementor-drop-cap-view-default) .elementor-drop-cap-letter{width:1em;height:1em}.elementor-widget-text-editor .elementor-drop-cap{float:left;text-align:center;line-height:1;font-size:50px}.elementor-widget-text-editor .elementor-drop-cap-letter{display:inline-block}<\/style>\t\t\t\tMasz pytania, w\u0105tpliwo\u015bci lub chcesz nawi\u0105za\u0107 z nami wsp\u00f3\u0142prac\u0119? Skontaktuj si\u0119 z nami za pomoc\u0105 formularza kontaktowego znajduj\u0105cego si\u0119 poni\u017cej lub skorzystaj z poni\u017cszych danych kontaktowych. Nasz zesp\u00f3\u0142 specjalist\u00f3w odpowie na Twoje pytania w jak najszybszym czasie.\t\t\t\t\t\t<\/div>\n\t\t\t\t<\/div>\n\t\t\t\t<div class=\"elementor-element elementor-element-e01129d elementor-widget elementor-widget-shortcode\" data-id=\"e01129d\" data-element_type=\"widget\" data-widget_type=\"shortcode.default\">\n\t\t\t\t<div class=\"elementor-widget-container\">\n\t\t\t\t\t<div class=\"elementor-shortcode\">\n<div class=\"wpcf7 no-js\" id=\"wpcf7-f1289-o1\" lang=\"en-US\" dir=\"ltr\">\n<div class=\"screen-reader-response\"><p role=\"status\" aria-live=\"polite\" aria-atomic=\"true\"><\/p> <ul><\/ul><\/div>\n<form action=\"\/pl\/wp-json\/wp\/v2\/pages\/1645#wpcf7-f1289-o1\" method=\"post\" class=\"wpcf7-form init\" aria-label=\"Contact form\" novalidate=\"novalidate\" data-status=\"init\">\n<div style=\"display: none;\">\n<input type=\"hidden\" name=\"_wpcf7\" value=\"1289\" \/>\n<input type=\"hidden\" name=\"_wpcf7_version\" value=\"5.7.7\" \/>\n<input type=\"hidden\" name=\"_wpcf7_locale\" value=\"en_US\" \/>\n<input type=\"hidden\" name=\"_wpcf7_unit_tag\" value=\"wpcf7-f1289-o1\" \/>\n<input type=\"hidden\" name=\"_wpcf7_container_post\" value=\"0\" \/>\n<input type=\"hidden\" name=\"_wpcf7_posted_data_hash\" value=\"\" \/>\n<\/div>\n<div class=\"two-fields-row\">\n\t<div class=\"col-md-6\">\n\t\t<p><span class=\"wpcf7-form-control-wrap\" data-name=\"career-name\"><input size=\"40\" class=\"wpcf7-form-control wpcf7-text wpcf7-validates-as-required\" aria-required=\"true\" aria-invalid=\"false\" placeholder=\"Imi\u0119*\" value=\"\" type=\"text\" name=\"career-name\" \/><\/span>\n\t\t<\/p>\n\t<\/div>\n\t<div class=\"col-md-6\">\n\t\t<p><span class=\"wpcf7-form-control-wrap\" data-name=\"career-name\"><input size=\"40\" class=\"wpcf7-form-control wpcf7-text wpcf7-validates-as-required\" aria-required=\"true\" aria-invalid=\"false\" placeholder=\"Nazwisko*\" value=\"\" type=\"text\" name=\"career-name\" \/><\/span>\n\t\t<\/p>\n\t<\/div>\n<\/div>\n<div class=\"row\">\n\t<div class=\"col-12\">\n\t\t<p><span class=\"wpcf7-form-control-wrap\" data-name=\"career-email\"><input size=\"40\" class=\"wpcf7-form-control wpcf7-text wpcf7-email wpcf7-validates-as-required wpcf7-validates-as-email\" aria-required=\"true\" aria-invalid=\"false\" placeholder=\"Adres e-mail*\" value=\"\" type=\"email\" name=\"career-email\" \/><\/span>\n\t\t<\/p>\n\t<\/div>\n<\/div>\n<p class=\"wpcf7-form-control-wrap\"><span class=\"wpcf7-form-control-wrap\" data-name=\"textarea-815\"><textarea cols=\"40\" rows=\"10\" class=\"wpcf7-form-control wpcf7-textarea art-textarea-height\" aria-invalid=\"false\" placeholder=\"Wiadomo\u015b\u0107*\" name=\"textarea-815\"><\/textarea><\/span>\n<\/p>\n<div class=\"art-form-button-wrap art-form-button-right\">\n\t<p><input class=\"wpcf7-form-control has-spinner wpcf7-submit art-button-primary\" type=\"submit\" value=\"Wy\u015blij\" \/>\n\t<\/p>\n<\/div><div class=\"wpcf7-response-output\" aria-hidden=\"true\"><\/div>\n<\/form>\n<\/div>\n<\/div>\n\t\t\t\t<\/div>\n\t\t\t\t<\/div>\n\t\t\t\t\t<\/div>\n\t\t<\/div>\n\t\t\t\t\t\t\t<\/div>\n\t\t<\/section>\n\t\t\t\t<section class=\"elementor-section elementor-top-section elementor-element elementor-element-51e9585 elementor-section-full_width elementor-hidden-tablet elementor-hidden-mobile elementor-section-height-default elementor-section-height-default\" data-id=\"51e9585\" data-element_type=\"section\" data-settings=\"{&quot;background_background&quot;:&quot;classic&quot;}\">\n\t\t\t\t\t\t<div class=\"elementor-container elementor-column-gap-default\">\n\t\t\t\t\t<div class=\"elementor-column elementor-col-100 elementor-top-column elementor-element elementor-element-557bbf0 elementor-invisible\" data-id=\"557bbf0\" data-element_type=\"column\" data-settings=\"{&quot;animation&quot;:&quot;fadeIn&quot;}\">\n\t\t\t<div class=\"elementor-widget-wrap elementor-element-populated\">\n\t\t\t\t\t\t\t\t<div class=\"elementor-element elementor-element-a398114 elementor-widget elementor-widget-art-heading\" data-id=\"a398114\" data-element_type=\"widget\" data-widget_type=\"art-heading.default\">\n\t\t\t\t<div class=\"elementor-widget-container\">\n\t\t\t\r\n        <p class=\"art-heading-text art-body-three-font\">Wi\u0119cej ni\u017c wirtualny adres<\/p>\r\n        \t\t<\/div>\n\t\t\t\t<\/div>\n\t\t\t\t<div class=\"elementor-element elementor-element-110cd3c elementor-widget elementor-widget-art-heading\" data-id=\"110cd3c\" data-element_type=\"widget\" data-widget_type=\"art-heading.default\">\n\t\t\t\t<div class=\"elementor-widget-container\">\n\t\t\t\r\n        <h2 class=\"art-heading-text art-h1\">Zobacz nas na @virtual.apartment<\/h2>\r\n        \t\t<\/div>\n\t\t\t\t<\/div>\n\t\t\t\t<div class=\"elementor-element elementor-element-def440d elementor-widget elementor-widget-image-carousel\" data-id=\"def440d\" data-element_type=\"widget\" data-settings=\"{&quot;slides_to_show&quot;:&quot;5&quot;,&quot;navigation&quot;:&quot;none&quot;,&quot;autoplay&quot;:&quot;yes&quot;,&quot;pause_on_hover&quot;:&quot;yes&quot;,&quot;pause_on_interaction&quot;:&quot;yes&quot;,&quot;autoplay_speed&quot;:5000,&quot;infinite&quot;:&quot;yes&quot;,&quot;speed&quot;:500,&quot;image_spacing_custom&quot;:{&quot;unit&quot;:&quot;px&quot;,&quot;size&quot;:20,&quot;sizes&quot;:[]},&quot;image_spacing_custom_tablet&quot;:{&quot;unit&quot;:&quot;px&quot;,&quot;size&quot;:&quot;&quot;,&quot;sizes&quot;:[]},&quot;image_spacing_custom_mobile&quot;:{&quot;unit&quot;:&quot;px&quot;,&quot;size&quot;:&quot;&quot;,&quot;sizes&quot;:[]}}\" data-widget_type=\"image-carousel.default\">\n\t\t\t\t<div class=\"elementor-widget-container\">\n\t\t\t<style>\/*! elementor - v3.15.0 - 02-08-2023 *\/\n.elementor-widget-image-carousel .swiper,.elementor-widget-image-carousel .swiper-container{position:static}.elementor-widget-image-carousel .swiper-container .swiper-slide figure,.elementor-widget-image-carousel .swiper .swiper-slide figure{line-height:inherit}.elementor-widget-image-carousel .swiper-slide{text-align:center}.elementor-image-carousel-wrapper:not(.swiper-container-initialized):not(.swiper-initialized) .swiper-slide{max-width:calc(100% \/ var(--e-image-carousel-slides-to-show, 3))}<\/style>\t\t<div class=\"elementor-image-carousel-wrapper swiper\" dir=\"ltr\">\n\t\t\t<div class=\"elementor-image-carousel swiper-wrapper\" aria-live=\"off\">\n\t\t\t\t\t\t\t\t<div class=\"swiper-slide\" role=\"group\" aria-roledescription=\"slide\" aria-label=\"1 of 5\"><figure class=\"swiper-slide-inner\"><img loading=\"lazy\" decoding=\"async\" decoding=\"async\" class=\"swiper-slide-image\" src=\"https:\/\/virtualapartment.eu\/pl\/wp-content\/uploads\/2023\/04\/insta_1.png\" alt=\"insta_1\" \/><\/figure><\/div><div class=\"swiper-slide\" role=\"group\" aria-roledescription=\"slide\" aria-label=\"2 of 5\"><figure class=\"swiper-slide-inner\"><img loading=\"lazy\" decoding=\"async\" decoding=\"async\" class=\"swiper-slide-image\" src=\"https:\/\/virtualapartment.eu\/pl\/wp-content\/uploads\/2023\/04\/insta_2.png\" alt=\"insta_2\" \/><\/figure><\/div><div class=\"swiper-slide\" role=\"group\" aria-roledescription=\"slide\" aria-label=\"3 of 5\"><figure class=\"swiper-slide-inner\"><img loading=\"lazy\" decoding=\"async\" decoding=\"async\" class=\"swiper-slide-image\" src=\"https:\/\/virtualapartment.eu\/pl\/wp-content\/uploads\/2023\/04\/insta_3.png\" alt=\"insta_3\" \/><\/figure><\/div><div class=\"swiper-slide\" role=\"group\" aria-roledescription=\"slide\" aria-label=\"4 of 5\"><figure class=\"swiper-slide-inner\"><img loading=\"lazy\" decoding=\"async\" decoding=\"async\" class=\"swiper-slide-image\" src=\"https:\/\/virtualapartment.eu\/pl\/wp-content\/uploads\/2023\/04\/insta_4.png\" alt=\"insta_4\" \/><\/figure><\/div><div class=\"swiper-slide\" role=\"group\" aria-roledescription=\"slide\" aria-label=\"5 of 5\"><figure class=\"swiper-slide-inner\"><img loading=\"lazy\" decoding=\"async\" decoding=\"async\" class=\"swiper-slide-image\" src=\"https:\/\/virtualapartment.eu\/pl\/wp-content\/uploads\/2023\/04\/insta_5.png\" alt=\"insta_5\" \/><\/figure><\/div>\t\t\t<\/div>\n\t\t\t\t\t\t\t\n\t\t\t\t\t\t\t\t\t<\/div>\n\t\t\t\t<\/div>\n\t\t\t\t<\/div>\n\t\t\t\t<div class=\"elementor-element elementor-element-d230d63 elementor-widget elementor-widget-art-theme-button\" data-id=\"d230d63\" data-element_type=\"widget\" data-widget_type=\"art-theme-button.default\">\n\t\t\t\t<div class=\"elementor-widget-container\">\n\t\t\t<div class=\"art-button-widget\"><div class=\"art-button-widget__wrap\"><a class=\"art-button-custom-color art-button-primary\" href=\"https:\/\/www.instagram.com\/   \">Obserwuj nas na @virtual.apartment<\/a><\/div><\/div>\t\t<\/div>\n\t\t\t\t<\/div>\n\t\t\t\t\t<\/div>\n\t\t<\/div>\n\t\t\t\t\t\t\t<\/div>\n\t\t<\/section>\n\t\t\t\t\t\t\t<\/div>\n\t\t","protected":false},"excerpt":{"rendered":"<p>Masz pytania, w\u0105tpliwo\u015bci lub chcesz nawi\u0105za\u0107 z nami wsp\u00f3\u0142prac\u0119? Skontaktuj si\u0119 z nami za pomoc\u0105 formularza kontaktowego znajduj\u0105cego si\u0119 poni\u017cej lub skorzystaj z poni\u017cszych danych kontaktowych. Nasz zesp\u00f3\u0142 specjalist\u00f3w odpowie na Twoje pytania w jak najszybszym czasie.<\/p>\n","protected":false},"author":1,"featured_media":0,"parent":0,"menu_order":0,"comment_status":"closed","ping_status":"closed","template":"","meta":{"inline_featured_image":false},"acf":[],"_links":{"self":[{"href":"https:\/\/virtualapartment.eu\/pl\/wp-json\/wp\/v2\/pages\/1645"}],"collection":[{"href":"https:\/\/virtualapartment.eu\/pl\/wp-json\/wp\/v2\/pages"}],"about":[{"href":"https:\/\/virtualapartment.eu\/pl\/wp-json\/wp\/v2\/types\/page"}],"author":[{"embeddable":true,"href":"https:\/\/virtualapartment.eu\/pl\/wp-json\/wp\/v2\/users\/1"}],"replies":[{"embeddable":true,"href":"https:\/\/virtualapartment.eu\/pl\/wp-json\/wp\/v2\/comments?post=1645"}],"version-history":[{"count":34,"href":"https:\/\/virtualapartment.eu\/pl\/wp-json\/wp\/v2\/pages\/1645\/revisions"}],"predecessor-version":[{"id":4850,"href":"https:\/\/virtualapartment.eu\/pl\/wp-json\/wp\/v2\/pages\/1645\/revisions\/4850"}],"wp:attachment":[{"href":"https:\/\/virtualapartment.eu\/pl\/wp-json\/wp\/v2\/media?parent=1645"}],"curies":[{"name":"wp","href":"https:\/\/api.w.org\/{rel}","templated":true}]}}