{"id":1865,"date":"2022-02-14T04:26:49","date_gmt":"2022-02-14T04:26:49","guid":{"rendered":"https:\/\/firstsight.design\/magnetique\/demo\/?page_id=1865"},"modified":"2023-07-04T08:54:06","modified_gmt":"2023-07-04T08:54:06","slug":"frequestly-asked-questions","status":"publish","type":"page","link":"https:\/\/virtualapartment.eu\/pl\/frequestly-asked-questions\/","title":{"rendered":"FAQ"},"content":{"rendered":"\t\t<div data-elementor-type=\"wp-page\" data-elementor-id=\"1865\" class=\"elementor elementor-1865\">\n\t\t\t\t\t\t\t\t\t<section class=\"elementor-section elementor-top-section elementor-element elementor-element-a239a18 elementor-section-boxed elementor-section-height-default elementor-section-height-default\" data-id=\"a239a18\" data-element_type=\"section\">\n\t\t\t\t\t\t<div class=\"elementor-container elementor-column-gap-default\">\n\t\t\t\t\t<div class=\"elementor-column elementor-col-100 elementor-top-column elementor-element elementor-element-35ce662\" data-id=\"35ce662\" data-element_type=\"column\">\n\t\t\t<div class=\"elementor-widget-wrap elementor-element-populated\">\n\t\t\t\t\t\t\t\t<div class=\"elementor-element elementor-element-8cb8148 elementor-widget elementor-widget-art-accordion-tabs\" data-id=\"8cb8148\" data-element_type=\"widget\" data-widget_type=\"art-accordion-tabs.default\">\n\t\t\t\t<div class=\"elementor-widget-container\">\n\t\t\t\r\n        <div class=\"art-accordion-tabs\">\r\n            <div class=\"art-accordion-tabs-wrapper\">\r\n                \r\n                    <div class=\"accordion-menu-tabs-items\">\r\n                        <ul class=\"art-accordion-menu-tabs art-no-list-style\">\r\n                                                                                        <li data-id=\"1\" class=\"art-active\">\r\n                                    <span>Umowa<\/span>\r\n                                <\/li>\r\n                                                                                            <li data-id=\"2\" class=\"art-no-active\">\r\n                                    <span>P\u0142atno\u015bci<\/span>\r\n                                <\/li>\r\n                                                                                            <li data-id=\"3\" class=\"art-no-active\">\r\n                                    <span>Procedura<\/span>\r\n                                <\/li>\r\n                                                                                    <\/ul>\r\n                    <\/div>\r\n\r\n\r\n                    <div class=\"art-accordion-menu-info-container\">\r\n\r\n                        <div class=\"art-accordion-menu-info\">\r\n                                                                                        <div data-id=\"1\" class=\"art-first-cl art-accordion-item art-display-block\">\r\n\r\n\r\n                                    \r\n                                        \r\n                                            <button class=\"accordion\">\r\n                                                <span class=\"service-name\">Jakie dokumenty otrzymam po wykupieniu us\u0142ugi?<\/span>\r\n                                            <\/button>\r\n                                            <div class=\"panel\">\r\n\r\n                                                <div class=\"panel-data\">\r\n                                                    <p>W przypadku us\u0142ugi wykupionej w Polsce oraz Estonii, otrzymasz podpisan\u0105 elektronicznie umow\u0119 najmu.<\/p><p>W przypadku us\u0142ugi wykupionej na S\u0142owacji, otrzymasz elektronicznie podpisane potwierdzenie mo\u017cliwo\u015bci korzystania z adresu, przez w\u0142a\u015bciciela nieruchomo\u015bci.<\/p>                                                <\/div>\r\n\r\n                                            <\/div>\r\n\r\n                                        \r\n                                    \r\n                                        \r\n                                            <button class=\"accordion\">\r\n                                                <span class=\"service-name\">Co je\u017celi b\u0119dzie potrzebna umowa w wersji papierowej?<\/span>\r\n                                            <\/button>\r\n                                            <div class=\"panel\">\r\n\r\n                                                <div class=\"panel-data\">\r\n                                                    <p>W przypadku us\u0142ugi wykupionej w Polsce oraz Estonii mo\u017cesz otrzyma\u0107 umow\u0119 w wersji papierowej. Koszt umowy to EUR 50, do kt\u00f3rego doliczamy koszt wysy\u0142ki poczt\u0105 kuriersk\u0105.<br \/>W przypadku us\u0142ugi wykupionej na S\u0142owacji, musisz uda\u0107 si\u0119 do plac\u00f3wki pocztowej celem potwierdzenia przez urz\u0105d dokumentu elektronicznego w wersji papierowej.<\/p>                                                <\/div>\r\n\r\n                                            <\/div>\r\n\r\n                                        \r\n                                    \r\n                                        \r\n                                            <button class=\"accordion\">\r\n                                                <span class=\"service-name\">Jaki jest minimalny okres zawarcia umowy?<\/span>\r\n                                            <\/button>\r\n                                            <div class=\"panel\">\r\n\r\n                                                <div class=\"panel-data\">\r\n                                                    Minimalny okres na jaki zawierana jest umowa to 12 miesi\u0119cy.                                                <\/div>\r\n\r\n                                            <\/div>\r\n\r\n                                        \r\n                                    \r\n                                        \r\n                                            <button class=\"accordion\">\r\n                                                <span class=\"service-name\">Czy musz\u0119 pojawi\u0107 si\u0119 w danym kraju aby zawrze\u0107 umow\u0119?<\/span>\r\n                                            <\/button>\r\n                                            <div class=\"panel\">\r\n\r\n                                                <div class=\"panel-data\">\r\n                                                    <p>Do zawarcia umowy nie musiszy przebywa\u0107 w danym kraju, gdy\u017c umow\u0119 zawieramy na odleg\u0142o\u015b\u0107, przy u\u017cyciu narz\u0119dzia do podpisywania dokument\u00f3w elektronicznie, to jest PandaDoc.<\/p>                                                <\/div>\r\n\r\n                                            <\/div>\r\n\r\n                                        \r\n                                    \r\n                                        \r\n                                    \r\n                                        \r\n                                    \r\n                                        \r\n                                    \r\n\r\n                                <\/div>\r\n                                                                                            <div data-id=\"2\" class=\"art-first-cl art-accordion-item art-display-none\">\r\n\r\n\r\n                                    \r\n                                        \r\n                                            <button class=\"accordion\">\r\n                                                <span class=\"service-name\">Kiedy mog\u0119 zrezygnowa\u0107 z us\u0142ugi?<\/span>\r\n                                            <\/button>\r\n                                            <div class=\"panel\">\r\n\r\n                                                <div class=\"panel-data\">\r\n                                                    <p>Zrezygnowa\u0107 mo\u017cesz po up\u0142ywie okresu kt\u00f3ry zosta\u0142 op\u0142acony, a wi\u0119c po 12, 24 lub 36 miesi\u0105cach.<\/p>                                                <\/div>\r\n\r\n                                            <\/div>\r\n\r\n                                        \r\n                                    \r\n                                        \r\n                                            <button class=\"accordion\">\r\n                                                <span class=\"service-name\">Czy musz\u0119 by\u0107 obywatelem danego kraju aby skorzysta\u0107 z us\u0142ugi?<\/span>\r\n                                            <\/button>\r\n                                            <div class=\"panel\">\r\n\r\n                                                <div class=\"panel-data\">\r\n                                                    <p><span style=\"font-weight: 400;\">Nie, mo\u017cesz by\u0107 obywatelem dowolnego kraju Unii Europejskiej lub kraju spoza UE.<\/span><\/p>                                                <\/div>\r\n\r\n                                            <\/div>\r\n\r\n                                        \r\n                                    \r\n                                        \r\n                                            <button class=\"accordion\">\r\n                                                <span class=\"service-name\">Czy mog\u0119 skorzysta\u0107 z us\u0142ugi je\u017celi nie jestem obywatelem UE?<\/span>\r\n                                            <\/button>\r\n                                            <div class=\"panel\">\r\n\r\n                                                <div class=\"panel-data\">\r\n                                                    <p><span style=\"font-weight: 400;\">Tak, pod warunkiem, \u017ce nie jeste\u015b obywatelem kraju wysokiego ryzyka, to znaczy takiego, na kt\u00f3re zosta\u0142y na\u0142o\u017cone sankcje Unii Europejskiej.<\/span><\/p>                                                <\/div>\r\n\r\n                                            <\/div>\r\n\r\n                                        \r\n                                    \r\n                                        \r\n                                    \r\n                                        \r\n                                    \r\n                                        \r\n                                    \r\n                                        \r\n                                    \r\n\r\n                                <\/div>\r\n                                                                                            <div data-id=\"3\" class=\"art-first-cl art-accordion-item art-display-none\">\r\n\r\n\r\n                                    \r\n                                        \r\n                                            <button class=\"accordion\">\r\n                                                <span class=\"service-name\">Jak wygl\u0105da procedura?<\/span>\r\n                                            <\/button>\r\n                                            <div class=\"panel\">\r\n\r\n                                                <div class=\"panel-data\">\r\n                                                    <p>W pierwszym kroku, otrzymasz formularz w kt\u00f3rym nale\u017cy uzupe\u0142ni\u0107 podstawowe, wymagane dane (imi\u0119, nazwisko, numer pesel), oraz za\u0142\u0105czy\u0107 zdj\u0119cie paszportu (lub ID w przypadku obywateli UE), w celu weryfikacji danych.<br \/>Kolejny krok po wype\u0142nieniu formularza, to dokonanie p\u0142atno\u015bci online.<\/p><p><br \/>W ci\u0105gu 24h od dokonania p\u0142atno\u015bci, udost\u0119pniamy do podpisu umow\u0119 w wersji elektronicznej.<\/p><p>Powiadomienie o podpisanej przez nas umowie otrzymasz na adres mailowy podany w formularzu.<\/p>                                                <\/div>\r\n\r\n                                            <\/div>\r\n\r\n                                        \r\n                                    \r\n                                        \r\n                                    \r\n                                        \r\n                                    \r\n                                        \r\n                                    \r\n                                        \r\n                                    \r\n                                        \r\n                                    \r\n                                        \r\n                                    \r\n\r\n                                <\/div>\r\n                                                                                    <\/div>\r\n\r\n                    <\/div>\r\n\r\n\r\n                            <\/div>\r\n\r\n        <\/div>\r\n\r\n        \t\t<\/div>\n\t\t\t\t<\/div>\n\t\t\t\t\t<\/div>\n\t\t<\/div>\n\t\t\t\t\t\t\t<\/div>\n\t\t<\/section>\n\t\t\t\t<section class=\"elementor-section elementor-top-section elementor-element elementor-element-605d0d4 elementor-section-boxed elementor-section-height-default elementor-section-height-default\" data-id=\"605d0d4\" data-element_type=\"section\" data-settings=\"{&quot;background_background&quot;:&quot;classic&quot;}\">\n\t\t\t\t\t\t<div class=\"elementor-container elementor-column-gap-default\">\n\t\t\t\t\t<div class=\"elementor-column elementor-col-50 elementor-top-column elementor-element elementor-element-92240b7\" data-id=\"92240b7\" data-element_type=\"column\">\n\t\t\t<div class=\"elementor-widget-wrap elementor-element-populated\">\n\t\t\t\t\t\t\t\t<div class=\"elementor-element elementor-element-b4911e8 elementor-widget__width-initial elementor-absolute elementor-hidden-tablet elementor-hidden-mobile elementor-widget elementor-widget-image\" data-id=\"b4911e8\" data-element_type=\"widget\" data-settings=\"{&quot;_position&quot;:&quot;absolute&quot;}\" data-widget_type=\"image.default\">\n\t\t\t\t<div class=\"elementor-widget-container\">\n\t\t\t<style>\/*! elementor - v3.15.0 - 02-08-2023 *\/\n.elementor-widget-image{text-align:center}.elementor-widget-image a{display:inline-block}.elementor-widget-image a img[src$=\".svg\"]{width:48px}.elementor-widget-image img{vertical-align:middle;display:inline-block}<\/style>\t\t\t\t\t\t\t\t\t\t\t\t<img loading=\"lazy\" decoding=\"async\" decoding=\"async\" width=\"910\" height=\"965\" src=\"https:\/\/virtualapartment.eu\/pl\/wp-content\/uploads\/2023\/04\/osoba_1.png\" class=\"attachment-large size-large wp-image-4517\" alt=\"\" srcset=\"https:\/\/virtualapartment.eu\/pl\/wp-content\/uploads\/2023\/04\/osoba_1.png 910w, https:\/\/virtualapartment.eu\/pl\/wp-content\/uploads\/2023\/04\/osoba_1-283x300.png 283w, https:\/\/virtualapartment.eu\/pl\/wp-content\/uploads\/2023\/04\/osoba_1-768x814.png 768w, https:\/\/virtualapartment.eu\/pl\/wp-content\/uploads\/2023\/04\/osoba_1-555x589.png 555w, https:\/\/virtualapartment.eu\/pl\/wp-content\/uploads\/2023\/04\/osoba_1-526x558.png 526w, https:\/\/virtualapartment.eu\/pl\/wp-content\/uploads\/2023\/04\/osoba_1-120x127.png 120w\" sizes=\"(max-width: 910px) 100vw, 910px\" loading=\"lazy\" \/>\t\t\t\t\t\t\t\t\t\t\t\t\t\t\t<\/div>\n\t\t\t\t<\/div>\n\t\t\t\t\t<\/div>\n\t\t<\/div>\n\t\t\t\t<div class=\"elementor-column elementor-col-50 elementor-top-column elementor-element elementor-element-a985231 elementor-invisible\" data-id=\"a985231\" data-element_type=\"column\" data-settings=\"{&quot;animation&quot;:&quot;fadeIn&quot;}\">\n\t\t\t<div class=\"elementor-widget-wrap elementor-element-populated\">\n\t\t\t\t\t\t\t\t<div class=\"elementor-element elementor-element-d1639f9 elementor-widget elementor-widget-art-heading\" data-id=\"d1639f9\" data-element_type=\"widget\" data-widget_type=\"art-heading.default\">\n\t\t\t\t<div class=\"elementor-widget-container\">\n\t\t\t\r\n        <p class=\"art-heading-text art-body-three-font\">Wirtualny adres<\/p>\r\n        \t\t<\/div>\n\t\t\t\t<\/div>\n\t\t\t\t<div class=\"elementor-element elementor-element-4fd34a6 elementor-widget elementor-widget-art-heading\" data-id=\"4fd34a6\" data-element_type=\"widget\" data-widget_type=\"art-heading.default\">\n\t\t\t\t<div class=\"elementor-widget-container\">\n\t\t\t\r\n        <h2 class=\"art-heading-text art-h1\">Nowe mo\u017cliwo\u015bci!<\/h2>\r\n        \t\t<\/div>\n\t\t\t\t<\/div>\n\t\t\t\t<div class=\"elementor-element elementor-element-c30d3ab elementor-widget elementor-widget-text-editor\" data-id=\"c30d3ab\" data-element_type=\"widget\" data-widget_type=\"text-editor.default\">\n\t\t\t\t<div class=\"elementor-widget-container\">\n\t\t\t<style>\/*! elementor - v3.15.0 - 02-08-2023 *\/\n.elementor-widget-text-editor.elementor-drop-cap-view-stacked .elementor-drop-cap{background-color:#69727d;color:#fff}.elementor-widget-text-editor.elementor-drop-cap-view-framed .elementor-drop-cap{color:#69727d;border:3px solid;background-color:transparent}.elementor-widget-text-editor:not(.elementor-drop-cap-view-default) .elementor-drop-cap{margin-top:8px}.elementor-widget-text-editor:not(.elementor-drop-cap-view-default) .elementor-drop-cap-letter{width:1em;height:1em}.elementor-widget-text-editor .elementor-drop-cap{float:left;text-align:center;line-height:1;font-size:50px}.elementor-widget-text-editor .elementor-drop-cap-letter{display:inline-block}<\/style>\t\t\t\tOdkryj korzy\u015bci wirtualnego adresu zamieszkania w Estonii, Polsce czy S\u0142owacji ju\u017c za jedyne EUR 19,99 miesi\u0119cznie. Skorzystaj z mo\u017cliwo\u015bci bycia rezydentem ka\u017cdego z tych kraj\u00f3w. \t\t\t\t\t\t<\/div>\n\t\t\t\t<\/div>\n\t\t\t\t<div class=\"elementor-element elementor-element-6fcb19c elementor-widget elementor-widget-art-theme-button\" data-id=\"6fcb19c\" data-element_type=\"widget\" data-widget_type=\"art-theme-button.default\">\n\t\t\t\t<div class=\"elementor-widget-container\">\n\t\t\t<div class=\"art-button-widget\"><div class=\"art-button-widget__wrap\"><a class=\"art-button-custom-color art-button-primary\" href=\"#   \">Zam\u00f3w ju\u017c teraz!<\/a><\/div><\/div>\t\t<\/div>\n\t\t\t\t<\/div>\n\t\t\t\t\t<\/div>\n\t\t<\/div>\n\t\t\t\t\t\t\t<\/div>\n\t\t<\/section>\n\t\t\t\t<section class=\"elementor-section elementor-top-section elementor-element elementor-element-1d2849a elementor-section-full_width elementor-hidden-tablet elementor-hidden-mobile elementor-section-height-default elementor-section-height-default\" data-id=\"1d2849a\" data-element_type=\"section\" data-settings=\"{&quot;background_background&quot;:&quot;classic&quot;}\">\n\t\t\t\t\t\t<div class=\"elementor-container elementor-column-gap-default\">\n\t\t\t\t\t<div class=\"elementor-column elementor-col-100 elementor-top-column elementor-element elementor-element-11d4cd5 elementor-invisible\" data-id=\"11d4cd5\" data-element_type=\"column\" data-settings=\"{&quot;animation&quot;:&quot;fadeIn&quot;}\">\n\t\t\t<div class=\"elementor-widget-wrap elementor-element-populated\">\n\t\t\t\t\t\t\t\t<div class=\"elementor-element elementor-element-bf94576 elementor-widget elementor-widget-art-heading\" data-id=\"bf94576\" data-element_type=\"widget\" data-widget_type=\"art-heading.default\">\n\t\t\t\t<div class=\"elementor-widget-container\">\n\t\t\t\r\n        <p class=\"art-heading-text art-body-three-font\">Wi\u0119cej ni\u017c wirtualny adres<\/p>\r\n        \t\t<\/div>\n\t\t\t\t<\/div>\n\t\t\t\t<div class=\"elementor-element elementor-element-9e1e9c6 elementor-widget elementor-widget-art-heading\" data-id=\"9e1e9c6\" data-element_type=\"widget\" data-widget_type=\"art-heading.default\">\n\t\t\t\t<div class=\"elementor-widget-container\">\n\t\t\t\r\n        <h2 class=\"art-heading-text art-h1\">Zobacz nas na @virtual.apartment<\/h2>\r\n        \t\t<\/div>\n\t\t\t\t<\/div>\n\t\t\t\t<div class=\"elementor-element elementor-element-d95ef5f elementor-widget elementor-widget-image-carousel\" data-id=\"d95ef5f\" data-element_type=\"widget\" data-settings=\"{&quot;slides_to_show&quot;:&quot;5&quot;,&quot;navigation&quot;:&quot;none&quot;,&quot;autoplay&quot;:&quot;yes&quot;,&quot;pause_on_hover&quot;:&quot;yes&quot;,&quot;pause_on_interaction&quot;:&quot;yes&quot;,&quot;autoplay_speed&quot;:5000,&quot;infinite&quot;:&quot;yes&quot;,&quot;speed&quot;:500,&quot;image_spacing_custom&quot;:{&quot;unit&quot;:&quot;px&quot;,&quot;size&quot;:20,&quot;sizes&quot;:[]},&quot;image_spacing_custom_tablet&quot;:{&quot;unit&quot;:&quot;px&quot;,&quot;size&quot;:&quot;&quot;,&quot;sizes&quot;:[]},&quot;image_spacing_custom_mobile&quot;:{&quot;unit&quot;:&quot;px&quot;,&quot;size&quot;:&quot;&quot;,&quot;sizes&quot;:[]}}\" data-widget_type=\"image-carousel.default\">\n\t\t\t\t<div class=\"elementor-widget-container\">\n\t\t\t<style>\/*! elementor - v3.15.0 - 02-08-2023 *\/\n.elementor-widget-image-carousel .swiper,.elementor-widget-image-carousel .swiper-container{position:static}.elementor-widget-image-carousel .swiper-container .swiper-slide figure,.elementor-widget-image-carousel .swiper .swiper-slide figure{line-height:inherit}.elementor-widget-image-carousel .swiper-slide{text-align:center}.elementor-image-carousel-wrapper:not(.swiper-container-initialized):not(.swiper-initialized) .swiper-slide{max-width:calc(100% \/ var(--e-image-carousel-slides-to-show, 3))}<\/style>\t\t<div class=\"elementor-image-carousel-wrapper swiper\" dir=\"ltr\">\n\t\t\t<div class=\"elementor-image-carousel swiper-wrapper\" aria-live=\"off\">\n\t\t\t\t\t\t\t\t<div class=\"swiper-slide\" role=\"group\" aria-roledescription=\"slide\" aria-label=\"1 of 5\"><figure class=\"swiper-slide-inner\"><img loading=\"lazy\" decoding=\"async\" decoding=\"async\" class=\"swiper-slide-image\" src=\"https:\/\/virtualapartment.eu\/pl\/wp-content\/uploads\/2023\/04\/insta_1.png\" alt=\"insta_1\" \/><\/figure><\/div><div class=\"swiper-slide\" role=\"group\" aria-roledescription=\"slide\" aria-label=\"2 of 5\"><figure class=\"swiper-slide-inner\"><img loading=\"lazy\" decoding=\"async\" decoding=\"async\" class=\"swiper-slide-image\" src=\"https:\/\/virtualapartment.eu\/pl\/wp-content\/uploads\/2023\/04\/insta_2.png\" alt=\"insta_2\" \/><\/figure><\/div><div class=\"swiper-slide\" role=\"group\" aria-roledescription=\"slide\" aria-label=\"3 of 5\"><figure class=\"swiper-slide-inner\"><img loading=\"lazy\" decoding=\"async\" decoding=\"async\" class=\"swiper-slide-image\" src=\"https:\/\/virtualapartment.eu\/pl\/wp-content\/uploads\/2023\/04\/insta_3.png\" alt=\"insta_3\" \/><\/figure><\/div><div class=\"swiper-slide\" role=\"group\" aria-roledescription=\"slide\" aria-label=\"4 of 5\"><figure class=\"swiper-slide-inner\"><img loading=\"lazy\" decoding=\"async\" decoding=\"async\" class=\"swiper-slide-image\" src=\"https:\/\/virtualapartment.eu\/pl\/wp-content\/uploads\/2023\/04\/insta_4.png\" alt=\"insta_4\" \/><\/figure><\/div><div class=\"swiper-slide\" role=\"group\" aria-roledescription=\"slide\" aria-label=\"5 of 5\"><figure class=\"swiper-slide-inner\"><img loading=\"lazy\" decoding=\"async\" decoding=\"async\" class=\"swiper-slide-image\" src=\"https:\/\/virtualapartment.eu\/pl\/wp-content\/uploads\/2023\/04\/insta_5.png\" alt=\"insta_5\" \/><\/figure><\/div>\t\t\t<\/div>\n\t\t\t\t\t\t\t\n\t\t\t\t\t\t\t\t\t<\/div>\n\t\t\t\t<\/div>\n\t\t\t\t<\/div>\n\t\t\t\t<div class=\"elementor-element elementor-element-51acaa2 elementor-widget elementor-widget-art-theme-button\" data-id=\"51acaa2\" data-element_type=\"widget\" data-widget_type=\"art-theme-button.default\">\n\t\t\t\t<div class=\"elementor-widget-container\">\n\t\t\t<div class=\"art-button-widget\"><div class=\"art-button-widget__wrap\"><a class=\"art-button-custom-color art-button-primary\" href=\"https:\/\/www.instagram.com\/   \">Obserwuj nas na @virtual.apartment<\/a><\/div><\/div>\t\t<\/div>\n\t\t\t\t<\/div>\n\t\t\t\t\t<\/div>\n\t\t<\/div>\n\t\t\t\t\t\t\t<\/div>\n\t\t<\/section>\n\t\t\t\t<section class=\"elementor-section elementor-top-section elementor-element elementor-element-d1adcac elementor-section-boxed elementor-section-height-default elementor-section-height-default\" data-id=\"d1adcac\" data-element_type=\"section\">\n\t\t\t\t\t\t<div class=\"elementor-container elementor-column-gap-default\">\n\t\t\t\t\t<div class=\"elementor-column elementor-col-100 elementor-top-column elementor-element elementor-element-9510234\" data-id=\"9510234\" data-element_type=\"column\">\n\t\t\t<div class=\"elementor-widget-wrap\">\n\t\t\t\t\t\t\t\t\t<\/div>\n\t\t<\/div>\n\t\t\t\t\t\t\t<\/div>\n\t\t<\/section>\n\t\t\t\t\t\t\t<\/div>\n\t\t","protected":false},"excerpt":{"rendered":"<p>Odkryj korzy\u015bci wirtualnego adresu zamieszkania w Estonii, Polsce czy S\u0142owacji ju\u017c za jedyne EUR 19,99 miesi\u0119cznie. Skorzystaj z mo\u017cliwo\u015bci bycia rezydentem ka\u017cdego z tych kraj\u00f3w.<\/p>\n","protected":false},"author":1,"featured_media":0,"parent":0,"menu_order":0,"comment_status":"closed","ping_status":"closed","template":"","meta":{"inline_featured_image":false},"acf":[],"_links":{"self":[{"href":"https:\/\/virtualapartment.eu\/pl\/wp-json\/wp\/v2\/pages\/1865"}],"collection":[{"href":"https:\/\/virtualapartment.eu\/pl\/wp-json\/wp\/v2\/pages"}],"about":[{"href":"https:\/\/virtualapartment.eu\/pl\/wp-json\/wp\/v2\/types\/page"}],"author":[{"embeddable":true,"href":"https:\/\/virtualapartment.eu\/pl\/wp-json\/wp\/v2\/users\/1"}],"replies":[{"embeddable":true,"href":"https:\/\/virtualapartment.eu\/pl\/wp-json\/wp\/v2\/comments?post=1865"}],"version-history":[{"count":12,"href":"https:\/\/virtualapartment.eu\/pl\/wp-json\/wp\/v2\/pages\/1865\/revisions"}],"predecessor-version":[{"id":4806,"href":"https:\/\/virtualapartment.eu\/pl\/wp-json\/wp\/v2\/pages\/1865\/revisions\/4806"}],"wp:attachment":[{"href":"https:\/\/virtualapartment.eu\/pl\/wp-json\/wp\/v2\/media?parent=1865"}],"curies":[{"name":"wp","href":"https:\/\/api.w.org\/{rel}","templated":true}]}}