{"id":4719,"date":"2023-05-08T13:32:05","date_gmt":"2023-05-08T13:32:05","guid":{"rendered":"https:\/\/virtualapartment.eu\/pl\/?post_type=product&#038;p=4719"},"modified":"2023-08-03T06:49:26","modified_gmt":"2023-08-03T06:49:26","slug":"wirtualny-adres-zamieszkania-slowacja","status":"publish","type":"product","link":"https:\/\/virtualapartment.eu\/pl\/product\/wirtualny-adres-zamieszkania-slowacja\/","title":{"rendered":"Wirtualny adres zamieszkania S\u0142owacja"},"content":{"rendered":"<p>Us\u0142uga adresu wirtualnego jest szczeg\u00f3lnie przydatna dla os\u00f3b, kt\u00f3re prowadz\u0105 biznes online lub pracuj\u0105 zdalnie, a potrzebuj\u0105 sta\u0142ego adresu do odbierania korespondencji i innych dokument\u00f3w. Dzi\u0119ki temu produktowi u\u017cytkownicy mog\u0105 korzysta\u0107 z adresu wirtualnego, kt\u00f3ry jest dost\u0119pny 24\/7 i zapewnia prywatno\u015b\u0107 oraz dyskrecj\u0119.<\/p>\n<p>Us\u0142uga adresu wirtualnego w kwocie 39,90 euro oferuje wiele korzy\u015bci, takich jak: pe\u0142na kontrola nad korespondencj\u0105, mo\u017cliwo\u015b\u0107 odbioru przesy\u0142ek z dowolnego miejsca na \u015bwiecie oraz oszcz\u0119dno\u015b\u0107 czasu i pieni\u0119dzy. Produkt ten jest \u0142atwy w obs\u0142udze i zapewnia wysok\u0105 jako\u015b\u0107 us\u0142ugi, co czyni go idealnym rozwi\u0105zaniem dla ka\u017cdego, kto potrzebuje sta\u0142ego adresu wirtualnego.<\/p>\n","protected":false},"excerpt":{"rendered":"<p>Adres wirtualny to us\u0142uga, kt\u00f3ra umo\u017cliwia u\u017cytkownikom posiadanie wirtualnego adresu, kt\u00f3ry mo\u017ce by\u0107 wykorzystywany do odbierania korespondencji oraz przesy\u0142ek. Produkt oferowany w cenie 39,90 euro zapewnia u\u017cytkownikom taki adres wirtualny, kt\u00f3ry jest \u0142atwy w u\u017cyciu i zapewnia wysok\u0105 jako\u015b\u0107 us\u0142ugi.<\/p>\n","protected":false},"featured_media":4860,"comment_status":"closed","ping_status":"closed","template":"","meta":{"inline_featured_image":false},"product_cat":[61],"product_tag":[],"acf":[],"_links":{"self":[{"href":"https:\/\/virtualapartment.eu\/pl\/wp-json\/wp\/v2\/product\/4719"}],"collection":[{"href":"https:\/\/virtualapartment.eu\/pl\/wp-json\/wp\/v2\/product"}],"about":[{"href":"https:\/\/virtualapartment.eu\/pl\/wp-json\/wp\/v2\/types\/product"}],"replies":[{"embeddable":true,"href":"https:\/\/virtualapartment.eu\/pl\/wp-json\/wp\/v2\/comments?post=4719"}],"wp:featuredmedia":[{"embeddable":true,"href":"https:\/\/virtualapartment.eu\/pl\/wp-json\/wp\/v2\/media\/4860"}],"wp:attachment":[{"href":"https:\/\/virtualapartment.eu\/pl\/wp-json\/wp\/v2\/media?parent=4719"}],"wp:term":[{"taxonomy":"product_cat","embeddable":true,"href":"https:\/\/virtualapartment.eu\/pl\/wp-json\/wp\/v2\/product_cat?post=4719"},{"taxonomy":"product_tag","embeddable":true,"href":"https:\/\/virtualapartment.eu\/pl\/wp-json\/wp\/v2\/product_tag?post=4719"}],"curies":[{"name":"wp","href":"https:\/\/api.w.org\/{rel}","templated":true}]}}